{"id":15329,"date":"2024-09-13T11:44:18","date_gmt":"2024-09-13T14:44:18","guid":{"rendered":"https:\/\/rubenpirola.com\/nuevo\/?page_id=15329"},"modified":"2024-09-19T10:15:26","modified_gmt":"2024-09-19T13:15:26","slug":"lascoloniasrecicla","status":"publish","type":"page","link":"https:\/\/rubenpirola.com\/nuevo\/lascoloniasrecicla\/","title":{"rendered":"#LasColoniasRecicla"},"content":{"rendered":"<p><span style=\"font-weight: 400;\">En Las Colonias, donde los valores de comunidad y solidaridad son pilares fundamentales, creamos #LasColoniasRecicla<br \/>\n<\/span><span style=\"font-weight: 400;\"><br \/>\n<\/span><span style=\"font-weight: 400;\">Este programa no solo fomenta la concientizaci\u00f3n ambiental, sino que tambi\u00e9n genera un impacto positivo muy concreto y duradero en las comunidades donde se aplica.<\/span><\/p>\n<p><b>Compromiso Colectivo<\/b><b><br \/>\n<\/b><span style=\"font-weight: 400;\">La esencia de #LasColoniasRecicla radica en la colaboraci\u00f3n. <\/span><span style=\"font-weight: 400;\"><br \/>\n<\/span><span style=\"font-weight: 400;\">Junto a Eco Aislaci\u00f3n SRL y los gobiernos de Colonia San Jos\u00e9, Humboldt, San Jer\u00f3nimo Norte y San Carlos Norte, se ha creado un puente entre la sostenibilidad y el bienestar comunitario. Este esfuerzo colectivo no se trata solo de reciclar papel y cart\u00f3n; se trata de construir, juntos, un legado de responsabilidad y acci\u00f3n concreta.<\/span><\/p>\n<p><b>Transformando Desechos en Oportunidades<\/b><b><br \/>\n<\/b><span style=\"font-weight: 400;\">El reciclaje es m\u00e1s que una simple acci\u00f3n; es una oportunidad para transformar nuestro entorno. Las instituciones que se sumen a esta iniciativa adem\u00e1s de estar contribuyendo al cuidado del medio ambiente, podr\u00e1n canjear el material reciclado por recursos que mejorar\u00e1n el desarrollo de sus actividades en el d\u00eda a d\u00eda.<\/span><\/p>\n<p><b>Un Proyecto con Impacto<\/b><b><br \/>\n<\/b><span style=\"font-weight: 400;\">#LasColoniasRecicla no se limita a la recolecci\u00f3n; es un proyecto integral que conecta educaci\u00f3n, acci\u00f3n y resultados tangibles, la meta es clara: involucrar a toda la comunidad en un proceso de transformaci\u00f3n. A trav\u00e9s de charlas, contenidos digitales y materiales educativos, cada uno de nosotros ser\u00e1 parte de esta historia.<\/span><\/p>\n<p><b>Sumate a la transformaci\u00f3n.<\/b><b><br \/>\n<\/b><span style=\"font-weight: 400;\">Invitamos a todas las instituciones de Las Colonias a ser parte de #LasColoniasRecicla. Es momento de ser parte de la transformaci\u00f3n en positivo que queremos ver en nuestro entorno. Juntos, podemos dejar una huella verde en nuestra comunidad y construir un futuro del cual todos estemos orgullosos.<\/p>\n<p><\/span><\/p>\n<p><iframe loading=\"lazy\" class=\"scribd_iframe_embed\" tabindex=\"0\" title=\"Presentaci\u00f3n Las Colonias Recicla\" src=\"https:\/\/www.scribd.com\/embeds\/770880083\/content?start_page=1&amp;view_mode=scroll&amp;access_key=key-eRsreZTUsuW10uEHKESV\" width=\"100%\" height=\"600\" frameborder=\"0\" scrolling=\"no\" data-auto-height=\"true\" data-aspect-ratio=\"1.7790927021696252\"><\/iframe><\/p>\n<p style=\"margin: 12px auto 6px auto; font-family: Helvetica,Arial,Sans-serif; font-style: normal; font-variant: normal; font-weight: normal; font-size: 14px; line-height: normal; font-size-adjust: none; font-stretch: normal; -x-system-font: none; display: block;\"><a style=\"text-decoration: underline;\" title=\"View Presentaci\u00f3n Las Colonias Recicla on Scribd\" href=\"https:\/\/www.scribd.com\/document\/770880083\/Presentacion-Las-Colonias-Recicla#from_embed\">Presentaci\u00f3n Las Colonias R&#8230;<\/a> by <a style=\"text-decoration: underline;\" title=\"View senadorrubenpirola's profile on Scribd\" href=\"https:\/\/www.scribd.com\/user\/786177889\/senadorrubenpirola#from_embed\">senadorrubenpirola<\/a><\/p>\n","protected":false},"excerpt":{"rendered":"<p>En Las Colonias, donde los valores de comunidad y solidaridad son pilares fundamentales, creamos #LasColoniasRecicla Este programa no solo fomenta&nbsp;<\/p>\n","protected":false},"author":1,"featured_media":15340,"parent":0,"menu_order":0,"comment_status":"closed","ping_status":"closed","template":"","meta":{"_acf_changed":false,"_joinchat":[],"footnotes":""},"class_list":["post-15329","page","type-page","status-publish","has-post-thumbnail","hentry"],"acf":[],"_links":{"self":[{"href":"https:\/\/rubenpirola.com\/nuevo\/wp-json\/wp\/v2\/pages\/15329","targetHints":{"allow":["GET"]}}],"collection":[{"href":"https:\/\/rubenpirola.com\/nuevo\/wp-json\/wp\/v2\/pages"}],"about":[{"href":"https:\/\/rubenpirola.com\/nuevo\/wp-json\/wp\/v2\/types\/page"}],"author":[{"embeddable":true,"href":"https:\/\/rubenpirola.com\/nuevo\/wp-json\/wp\/v2\/users\/1"}],"replies":[{"embeddable":true,"href":"https:\/\/rubenpirola.com\/nuevo\/wp-json\/wp\/v2\/comments?post=15329"}],"version-history":[{"count":3,"href":"https:\/\/rubenpirola.com\/nuevo\/wp-json\/wp\/v2\/pages\/15329\/revisions"}],"predecessor-version":[{"id":15342,"href":"https:\/\/rubenpirola.com\/nuevo\/wp-json\/wp\/v2\/pages\/15329\/revisions\/15342"}],"wp:featuredmedia":[{"embeddable":true,"href":"https:\/\/rubenpirola.com\/nuevo\/wp-json\/wp\/v2\/media\/15340"}],"wp:attachment":[{"href":"https:\/\/rubenpirola.com\/nuevo\/wp-json\/wp\/v2\/media?parent=15329"}],"curies":[{"name":"wp","href":"https:\/\/api.w.org\/{rel}","templated":true}]}}