{"id":3161,"date":"2014-02-02T19:58:50","date_gmt":"2014-02-02T22:58:50","guid":{"rendered":"http:\/\/www.rubenpirola.com\/?page_id=3161"},"modified":"2014-02-02T19:58:50","modified_gmt":"2014-02-02T22:58:50","slug":"programa-de-fortalecimiento-institucional-2","status":"publish","type":"page","link":"https:\/\/rubenpirola.com\/nuevo\/programa-de-fortalecimiento-institucional-2\/","title":{"rendered":"Programa de Fortalecimiento Institucional"},"content":{"rendered":"<p>Comparto aqu\u00ed el texto completo del instructivo para la solicitud de Aportes y Ayudas Econ\u00f3micas enmarcadas en el Programa de Fortalecimiento Institucional; Adem\u00e1s, desde\u00a0<strong><a href=\"http:\/\/www.rubenpirola.com\/wp-content\/uploads\/2014\/02\/aqui.pdf\">aqu\u00ed<\/a>\u00a0<\/strong>podr\u00e1n descargar el modelo de solicitud, el que deber\u00e1n imprimir completar y presentar.<br \/>\n<strong><br \/>\n<\/strong><strong>Programa de Fortalecimiento Institucional<br \/>\n<\/strong>La C\u00e1mara de Senadores de la Provincia de Santa Fe en el marco de lo dispuesto por la Constituci\u00f3n Provincial y conforme al Presupuesto de C\u00e1lculo Anual de Gastos y Recursos Generales de la Provincia de Santa Fe (Presupuesto Provincial) promulgado por el Poder Ejecutivo Provincial (Gobernador de la Provincia de Santa Fe) tiene asignados recursos espec\u00edficos para cada per\u00edodo anual. Los mismos son gestionados y distribuidos a Instituciones de los 19 departamentos por cada uno de los 19 Senadores Provinciales respectivamente as\u00ed como por el Vicegobernador\u00a0 de la Provincia (en su desempe\u00f1o como Presidente de la C\u00e1mara de Senadores)\u00a0 y que poseen id\u00e9nticos montos anuales cada uno de ellos con destino a diversas finalidades.<\/p>\n<p>El Programa se orienta a atender las diferentes problem\u00e1ticas que presentan los gobiernos e instituciones locales mediante una estrategia de intervenci\u00f3n diversificada que contemplar\u00e1 las particularidades locales y estar\u00e1 orientada a generar mejoras de infraestructura, equipamiento y atenci\u00f3n de necesidades urgentes, a fin de fortalecer los espacios sociales donde se desarrollan iniciativas de tipo comunitarias (recreativas, culturales, asistenciales, habitacionales, etc). El Programa intenta por lo tanto dar respuestas a los sectores afectados por diversas vulnerabilidades: culturales, simb\u00f3licas, gen\u00e9ricamente sociales, y organizacionales. Esta l\u00ednea de acci\u00f3n parte de posicionarse en el contexto del proyecto social acompa\u00f1ando a los actores intervinientes en la planificaci\u00f3n y desarrollo para potenciar el capital social a nivel local, y tratando de apoyar aquellos que produzcan mejoras concretas.<\/p>\n<p><strong>Operatoria del Programa:<br \/>\n<\/strong>El programa operar\u00e1 a trav\u00e9s de diversos componentes:<br \/>\n\u2212 Ayudas econ\u00f3micas y aportes de materiales para obras de infraestructura b\u00e1sica y de prestaci\u00f3n de servicios.<br \/>\n\u2212 Apoyo a iniciativas tendientes al desarrollo social potencialmente sustentable.<br \/>\n\u2212 Colaboraci\u00f3n con iniciativas que contribuyan al desarrollo cultural.<br \/>\n\u2212 Acciones de fortalecimiento con y para la sociedad civil.<\/p>\n<p><strong>Objetivos:<br \/>\n<\/strong>El Programa se orienta a:<br \/>\n\u2212 Implementar un sistema de apoyo a las iniciativas de desarrollo social local, con especial atenci\u00f3n en los sectores de menores recursos.<br \/>\n\u2212 Mejorar el h\u00e1bitat y la calidad de vida mediante la construcci\u00f3n y el mantenimiento de la infraestructura social y servicios a la comunidad.<br \/>\n\u2212 Contribuir a dar operatividad a las organizaciones de la sociedad civil que atiendan sectores vulnerables (ni\u00f1os, adolescentes, mujeres, adultos mayores y comunidades originarias).<\/p>\n<p><strong>\u00a0<\/strong><strong>Destinatarios directos e indirectos:<br \/>\n<\/strong>Los destinatarios de las acciones del Programa ser\u00e1n las localidades, municipios y organizaciones de la sociedad civil. Se pretende que las mismas ejecuten proyectos ligados al desarrollo sociocultural de la comunidad. Como beneficiarios indirectos el programa asistir\u00e1 a aquellos proyectos que prioricen el desarrollo comunitario entendido como el acrecentamiento del capital social y simb\u00f3lico, expresado en el deporte, la cultura, la educaci\u00f3n, la nutrici\u00f3n, el aprendizaje, la producci\u00f3n dom\u00e9stica, entre otros.<\/p>\n<p><strong>\u00a0<\/strong><strong>Componentes del Programa:<br \/>\n<\/strong>\u2212 Ayudas Econ\u00f3micas y Aportes Materiales.<br \/>\n\u2212 Equipamiento<br \/>\n\u2212 Fortalecimiento Institucional a Organizaciones Sociales.<\/p>\n<p><strong>\u00a0<\/strong><strong>Presentaci\u00f3n de Proyectos:<br \/>\n<\/strong>Las solicitudes deber\u00e1n presentarse formalmente para su consideraci\u00f3n en formulario \u00fanico completo con los datos requeridos y la fundamentaci\u00f3n de la propuesta. La documentaci\u00f3n en original deber\u00e1 acompa\u00f1ada con nota dirigida a:<br \/>\n<em>Senador Provincial por el Departamento Las Colonias CPN Rub\u00e9n R. PIROLA<br \/>\nOficina Legislativa: 2do. Piso &#8211; Honorable C\u00e1mara de Senadores General L\u00f3pez 3055 \u2013 (3000) Santa Fe.<\/em><\/p>\n<p><strong>La misma deber\u00e1 contener:<br \/>\n<\/strong>\u2013 Identificaci\u00f3n de la persona firmante.<br \/>\n\u2013 Instituci\u00f3n a la que pertenece, car\u00e1cter y su relaci\u00f3n con la misma.<br \/>\n\u2013 Datos relevantes de la Instituci\u00f3n.<br \/>\n\u2013 Descripci\u00f3n de la necesidad que se pretende atender con el aporte solicitado, y justificaci\u00f3n de la urgencia si la hubiese. En caso de tratarse de reparaciones edilicias, adjuntar fotos del estado previo a las obras.<br \/>\n\u2013 Monto solicitado y etapas si las hubiere.<br \/>\n\u2013 Presupuestos en caso de tratarse de obras, adquisiciones o contrataciones de servicios.<br \/>\n\u2013 Plazo en que se estima podr\u00e1 concretarse la obra o adquisici\u00f3n.<br \/>\n\u2013 Documentaci\u00f3n de la Instituci\u00f3n (personer\u00eda Jur\u00eddica, etc).<br \/>\n\u2013 Datos de contacto (tel\u00e9fonos, mail u otro medio que considere conveniente).<\/p>\n<p><strong>Aprobaci\u00f3n de Proyectos:<br \/>\n<\/strong>La aprobaci\u00f3n de los proyectos estar\u00e1 sujeta a la disponibilidad de partidas presupuestarias para afrontar los aportes.<\/p>\n<p><strong>Recepci\u00f3n:<\/strong><br \/>\nAl momento de recibir el aporte por parte del Senador Provincial deber\u00e1 firmarse el correspondiente recibo, para lo cual deber\u00e1n estar presentes SIN EXCEPCI\u00d3N:<br \/>\n\u2013 Presidente o representante legal de la instituci\u00f3n, debiendo hacer aclaraci\u00f3n de firma, con sello si lo tuviere del cargo, y sello de la Instituci\u00f3n.<br \/>\n\u2013 Para aportes hasta $25.000 1 firma y sin cl\u00e1usula.<br \/>\n&#8211; Para aportes de m\u00e1s de $25.000 \u00a0hasta $80.000 dos firmas y con cl\u00e1usula.<br \/>\n&#8211; Para aportes de m\u00e1s de $80.000, adem\u00e1s de 2 firmas + rendici\u00f3n de cuentas.<br \/>\n\u2013 Certificaci\u00f3n por personal policial, juez o autoridad competente de las firmas indicadas precedentemente.<\/p>\n<p>No se entregar\u00e1 el aporte en caso que no se cumplimente con las formalidades establecidas por la C\u00e1mara de Senadores de la Provincia y el Tribunal de Cuentas de la Provincia respecto a las firmas que debe contener el recibo y su certificaci\u00f3n.<\/p>\n<p><strong>Informe final:<br \/>\n<\/strong>Se prev\u00e9 el seguimiento de los proyectos durante su desarrollo as\u00ed como al finalizar la ejecuci\u00f3n de la obra. Se instar\u00e1 a los beneficiarios directos e indirectos a confeccionar una memoria final en la cual vuelquen la experiencia, dificultades y logros.<\/p>\n<p><strong>Rendici\u00f3n:<br \/>\n<\/strong>Deber\u00e1 dirigirse nota al Senador Provincial dentro de los 30 d\u00edas de recibido el cheque del aporte respectivo o el tiempo dispuesto para la ejecuci\u00f3n del proyecto si se establece un plazo mayor. La misma contendr\u00e1:<br \/>\n\u2013 Descripci\u00f3n de la tarea realizada o bienes adquiridos.<br \/>\n\u2013 Fotos que lo acrediten.<br \/>\n\u2013 Documentos y facturas que respalden los gastos e inversiones efectuadas.<br \/>\n\u2013 Adem\u00e1s deber\u00e1 cumplimentar las disposiciones legales emitidas por los organismos de control de la C\u00e1mara de Senadores y del Honorable Tribunal de Cuentas.<\/p>\n<p>Para descargar los formularios de Presentaci\u00f3n de Proyectos o nota a presentar para la solicitud del Aporte o Ayuda econ\u00f3mica, click,<span style=\"line-height: 1.5em;\">\u00a0<\/span><em><strong style=\"line-height: 1.5em;\"><a href=\"http:\/\/www.rubenpirola.com\/wp-content\/uploads\/2014\/02\/aqui.pdf\">aqu\u00ed<\/a><\/strong><\/em><span style=\"line-height: 1.5em;\">.<\/span><\/p>\n<p><strong>Detallada rendici\u00f3n de cuentas.<br \/>\n<\/strong>En este espacio de la web encuentran el listado completo de los aportes realizados a lo largo de los \u00faltimos a\u00f1os.<\/p>\n<p>Una iniciativa sin precedentes en la historia del cargo en Las Colonias, lo hago para aportar al prestigio de la actividad pol\u00edtica y de este programa que beneficia a instituciones que de otra manera no podr\u00edan contar con un acompa\u00f1amiento econ\u00f3mico que muchas veces es esencial y marca la diferencia, para que estas instituciones sigan aportando a la sociedad de la que forman parte. Soy consciente que actitudes como esta consolidan con los integrantes de las instituciones una relaci\u00f3n de confianza mutua que genera este c\u00edrculo virtuoso que impulsa un cambio cultural profundo, ese que nos aleja de la vieja manera de hacer pol\u00edtica y nos da la posibilidad de ilusionarnos con una nueva manera en la que el trabajo conjunto y colaborativo con transparencia sea la norma. Gracias a todos siempre, por dejarnos ser parte de sus proyectos.<\/p>\n<p>Para acceder al detalle de los aportes s\u00f3lo es necesario clickear sobre cada uno de los t\u00edtulos para acceder a la informaci\u00f3n completa.<\/p>\n<p><a href=\"https:\/\/www.rubenpirola.com\/wp-content\/uploads\/2020\/12\/Beneficiarios-2020.pdf\">Beneficiarios 2020<\/a><\/p>\n<p><a href=\"https:\/\/www.rubenpirola.com\/wp-content\/uploads\/2019\/12\/Beneficiarios-2019.pdf\">Beneficiarios 2019<\/a><\/p>\n<p><a href=\"https:\/\/www.rubenpirola.com\/wp-content\/uploads\/2019\/06\/Beneficiarios-2018.pdf\">Beneficiarios-2018<\/a><\/p>\n<p><a href=\"https:\/\/www.rubenpirola.com\/wp-content\/uploads\/2019\/06\/Beneficiarios-2017-1.pdf\">Beneficiarios-2017<\/a><\/p>\n<p><a href=\"https:\/\/www.rubenpirola.com\/wp-content\/uploads\/2019\/06\/Beneficiarios-2016.pdf\">Beneficiarios-2016<\/a><\/p>\n<p><a href=\"https:\/\/www.rubenpirola.com\/wp-content\/uploads\/2019\/06\/Beneficiarios-2015.pdf\">Beneficiarios-2015<\/a><\/p>\n<p><a href=\"https:\/\/www.rubenpirola.com\/wp-content\/uploads\/2019\/06\/Beneficiarios-2014.pdf\">Beneficiarios-2014<\/a><\/p>\n<p><a href=\"https:\/\/www.rubenpirola.com\/wp-content\/uploads\/2019\/06\/Beneficiarios-2013.pdf\">Beneficiarios-2013<\/a><\/p>\n<p><a href=\"https:\/\/www.rubenpirola.com\/wp-content\/uploads\/2019\/06\/Beneficiarios-2012.pdf\">Beneficiarios-2012<\/a><\/p>\n","protected":false},"excerpt":{"rendered":"<p>Comparto aqu\u00ed el texto completo del instructivo para la solicitud de Aportes y Ayudas Econ\u00f3micas enmarcadas en el Programa de&nbsp;<\/p>\n","protected":false},"author":1,"featured_media":0,"parent":0,"menu_order":0,"comment_status":"closed","ping_status":"closed","template":"","meta":{"_acf_changed":false,"_joinchat":[],"footnotes":""},"class_list":["post-3161","page","type-page","status-publish","hentry"],"acf":[],"_links":{"self":[{"href":"https:\/\/rubenpirola.com\/nuevo\/wp-json\/wp\/v2\/pages\/3161","targetHints":{"allow":["GET"]}}],"collection":[{"href":"https:\/\/rubenpirola.com\/nuevo\/wp-json\/wp\/v2\/pages"}],"about":[{"href":"https:\/\/rubenpirola.com\/nuevo\/wp-json\/wp\/v2\/types\/page"}],"author":[{"embeddable":true,"href":"https:\/\/rubenpirola.com\/nuevo\/wp-json\/wp\/v2\/users\/1"}],"replies":[{"embeddable":true,"href":"https:\/\/rubenpirola.com\/nuevo\/wp-json\/wp\/v2\/comments?post=3161"}],"version-history":[{"count":0,"href":"https:\/\/rubenpirola.com\/nuevo\/wp-json\/wp\/v2\/pages\/3161\/revisions"}],"wp:attachment":[{"href":"https:\/\/rubenpirola.com\/nuevo\/wp-json\/wp\/v2\/media?parent=3161"}],"curies":[{"name":"wp","href":"https:\/\/api.w.org\/{rel}","templated":true}]}}