{"id":6565,"date":"2018-02-27T14:48:47","date_gmt":"2018-02-27T17:48:47","guid":{"rendered":"http:\/\/www.rubenpirola.com\/?page_id=6565"},"modified":"2025-04-22T16:03:17","modified_gmt":"2025-04-22T19:03:17","slug":"un-recreo-en-positivo","status":"publish","type":"page","link":"https:\/\/rubenpirola.com\/nuevo\/un-recreo-en-positivo\/","title":{"rendered":"Un Recreo en Positivo"},"content":{"rendered":"<p>En el marco de la campa\u00f1a permanente de concientizaci\u00f3n de los derechos ciudadanos, que desde mi banca impulso, como una manera m\u00e1s de aportar valor a los habitantes de nuestro Departamento, en esta oportunidad enfocado en los m\u00e1s chicos\u00a0 llevamos a las escuelas \u201cUn Recreo en Positivo\u201d una actividad diferente pensada para los m\u00e1s peque\u00f1os de Las Colonias\u00a0 en la que logramos brindarles un espacio de recreaci\u00f3n y conocimiento.<\/p>\n<p class=\"\" data-start=\"367\" data-end=\"582\">\ud83c\udf88 <strong data-start=\"370\" data-end=\"431\">\u00bfPor qu\u00e9 promovemos espacios de recreaci\u00f3n en la escuela?<\/strong><br data-start=\"431\" data-end=\"434\" \/>Porque creemos que educar no es solo ense\u00f1ar contenidos, sino tambi\u00e9n <strong data-start=\"504\" data-end=\"536\">cuidar, escuchar y acompa\u00f1ar<\/strong> a nuestros chicos y chicas en su crecimiento.<\/p>\n<p class=\"\" data-start=\"584\" data-end=\"898\">Muchas veces, es en el juego donde se construyen los aprendizajes m\u00e1s importantes: compartir, expresarse, respetarse, resolver diferencias, convivir. Por eso, desde nuestra escuela impulsamos momentos de recreaci\u00f3n guiada, donde <strong data-start=\"813\" data-end=\"835\">el derecho a jugar<\/strong> se convierte en una oportunidad para aprender y crecer juntos.<\/p>\n<p class=\"\" data-start=\"900\" data-end=\"1225\">S\u00ed, jugar es un derecho. Y reconocerlo como tal nos permite trabajar desde ah\u00ed otros derechos igual de importantes: el derecho a la identidad, a la participaci\u00f3n, a la inclusi\u00f3n, al buen trato. Lo hacemos de forma sencilla, concreta, desde el lenguaje que ni\u00f1as, ni\u00f1os y adolescentes mejor entienden: el juego y el encuentro.<\/p>\n<p class=\"\" data-start=\"1227\" data-end=\"1432\">Adem\u00e1s, todo lo que viven en la escuela lo llevan a sus casas. Lo comparten con sus familias, lo cuentan con alegr\u00eda, lo replican. Y ah\u00ed es cuando entendemos que esto que sembramos tambi\u00e9n llega m\u00e1s lejos.<\/p>\n<p class=\"\" data-start=\"1434\" data-end=\"1649\">\ud83d\ude4c Lo que hacemos no es solo recreaci\u00f3n. Es <strong data-start=\"1478\" data-end=\"1503\">promoci\u00f3n de derechos<\/strong>, construcci\u00f3n de comunidad y educaci\u00f3n con sentido.<br data-start=\"1555\" data-end=\"1558\" \/>Y lo seguiremos haciendo, porque sabemos que estos espacios no solo suman\u2026 <strong data-start=\"1633\" data-end=\"1648\">transforman<\/strong>.<\/p>\n<p><strong>Una idea pionera en la provincia, declarada de Inter\u00e9s Legislativo:<\/strong><br \/>\nEl promover los derechos de los ni\u00f1os, llegando a cada escuela de cada localidad, es una idea pionera, que surgida en el Departamento Las Colonias y declarada por unanimidad de Inter\u00e9s Legislativo se extender\u00e1 a toda la provincia.<\/p>\n<p><iframe loading=\"lazy\" title=\"Un Recreo Video Final\" src=\"https:\/\/www.youtube.com\/embed\/2IGyenW4MXo\" width=\"315\" height=\"560\" frameborder=\"0\" allowfullscreen=\"allowfullscreen\"><\/iframe><\/p>\n<div id=\"lightgallery\" class=\"single-gallery\"><div class=\"gallery-item\" data-responsive=\"https:\/\/rubenpirola.com\/nuevo\/wp-content\/uploads\/2025\/04\/10-300x300.jpg 375, https:\/\/rubenpirola.com\/nuevo\/wp-content\/uploads\/2025\/04\/10-300x300.jpg 480, https:\/\/rubenpirola.com\/nuevo\/wp-content\/uploads\/2025\/04\/10-300x300.jpg 800\" data-src=\"https:\/\/rubenpirola.com\/nuevo\/wp-content\/uploads\/2025\/04\/10-768x576.jpg\" data-sub-html=\"<h4>Un Recreo en Positivo<\/h4>\"><a href=\"\" class=\"gallery-item-link relative mb-0\"><img decoding=\"async\" class=\"img-responsive\" src=\"https:\/\/rubenpirola.com\/nuevo\/wp-content\/uploads\/2025\/04\/10-300x300.jpg\"><div class=\"over fs32\"><i class=\"fa fa-search c-white\"><\/i><\/div><\/a><\/div><div class=\"gallery-item\" data-responsive=\"https:\/\/rubenpirola.com\/nuevo\/wp-content\/uploads\/2025\/04\/11-300x300.jpg 375, https:\/\/rubenpirola.com\/nuevo\/wp-content\/uploads\/2025\/04\/11-300x300.jpg 480, https:\/\/rubenpirola.com\/nuevo\/wp-content\/uploads\/2025\/04\/11-300x300.jpg 800\" data-src=\"https:\/\/rubenpirola.com\/nuevo\/wp-content\/uploads\/2025\/04\/11-768x576.jpg\" data-sub-html=\"<h4>Un Recreo en Positivo<\/h4>\"><a href=\"\" class=\"gallery-item-link relative mb-0\"><img decoding=\"async\" class=\"img-responsive\" src=\"https:\/\/rubenpirola.com\/nuevo\/wp-content\/uploads\/2025\/04\/11-300x300.jpg\"><div class=\"over fs32\"><i class=\"fa fa-search c-white\"><\/i><\/div><\/a><\/div><div class=\"gallery-item\" data-responsive=\"https:\/\/rubenpirola.com\/nuevo\/wp-content\/uploads\/2025\/04\/9-300x300.jpg 375, https:\/\/rubenpirola.com\/nuevo\/wp-content\/uploads\/2025\/04\/9-300x300.jpg 480, https:\/\/rubenpirola.com\/nuevo\/wp-content\/uploads\/2025\/04\/9-300x300.jpg 800\" data-src=\"https:\/\/rubenpirola.com\/nuevo\/wp-content\/uploads\/2025\/04\/9-768x576.jpg\" data-sub-html=\"<h4>Un Recreo en Positivo<\/h4>\"><a href=\"\" class=\"gallery-item-link relative mb-0\"><img decoding=\"async\" class=\"img-responsive\" src=\"https:\/\/rubenpirola.com\/nuevo\/wp-content\/uploads\/2025\/04\/9-300x300.jpg\"><div class=\"over fs32\"><i class=\"fa fa-search c-white\"><\/i><\/div><\/a><\/div><div class=\"gallery-item\" data-responsive=\"https:\/\/rubenpirola.com\/nuevo\/wp-content\/uploads\/2025\/04\/8-300x300.jpg 375, https:\/\/rubenpirola.com\/nuevo\/wp-content\/uploads\/2025\/04\/8-300x300.jpg 480, https:\/\/rubenpirola.com\/nuevo\/wp-content\/uploads\/2025\/04\/8-300x300.jpg 800\" data-src=\"https:\/\/rubenpirola.com\/nuevo\/wp-content\/uploads\/2025\/04\/8-768x576.jpg\" data-sub-html=\"<h4>Un Recreo en Positivo<\/h4>\"><a href=\"\" class=\"gallery-item-link relative mb-0\"><img decoding=\"async\" class=\"img-responsive\" src=\"https:\/\/rubenpirola.com\/nuevo\/wp-content\/uploads\/2025\/04\/8-300x300.jpg\"><div class=\"over fs32\"><i class=\"fa fa-search c-white\"><\/i><\/div><\/a><\/div><div class=\"gallery-item\" data-responsive=\"https:\/\/rubenpirola.com\/nuevo\/wp-content\/uploads\/2025\/04\/7-300x300.jpg 375, https:\/\/rubenpirola.com\/nuevo\/wp-content\/uploads\/2025\/04\/7-300x300.jpg 480, https:\/\/rubenpirola.com\/nuevo\/wp-content\/uploads\/2025\/04\/7-300x300.jpg 800\" data-src=\"https:\/\/rubenpirola.com\/nuevo\/wp-content\/uploads\/2025\/04\/7-768x576.jpg\" data-sub-html=\"<h4>Un Recreo en Positivo<\/h4>\"><a href=\"\" class=\"gallery-item-link relative mb-0\"><img decoding=\"async\" class=\"img-responsive\" src=\"https:\/\/rubenpirola.com\/nuevo\/wp-content\/uploads\/2025\/04\/7-300x300.jpg\"><div class=\"over fs32\"><i class=\"fa fa-search c-white\"><\/i><\/div><\/a><\/div><div class=\"gallery-item\" data-responsive=\"https:\/\/rubenpirola.com\/nuevo\/wp-content\/uploads\/2025\/04\/6-300x300.jpg 375, https:\/\/rubenpirola.com\/nuevo\/wp-content\/uploads\/2025\/04\/6-300x300.jpg 480, https:\/\/rubenpirola.com\/nuevo\/wp-content\/uploads\/2025\/04\/6-300x300.jpg 800\" data-src=\"https:\/\/rubenpirola.com\/nuevo\/wp-content\/uploads\/2025\/04\/6-768x576.jpg\" data-sub-html=\"<h4>Un Recreo en Positivo<\/h4>\"><a href=\"\" class=\"gallery-item-link relative mb-0\"><img decoding=\"async\" class=\"img-responsive\" src=\"https:\/\/rubenpirola.com\/nuevo\/wp-content\/uploads\/2025\/04\/6-300x300.jpg\"><div class=\"over fs32\"><i class=\"fa fa-search c-white\"><\/i><\/div><\/a><\/div><div class=\"gallery-item\" data-responsive=\"https:\/\/rubenpirola.com\/nuevo\/wp-content\/uploads\/2025\/04\/5-300x300.jpg 375, https:\/\/rubenpirola.com\/nuevo\/wp-content\/uploads\/2025\/04\/5-300x300.jpg 480, https:\/\/rubenpirola.com\/nuevo\/wp-content\/uploads\/2025\/04\/5-300x300.jpg 800\" data-src=\"https:\/\/rubenpirola.com\/nuevo\/wp-content\/uploads\/2025\/04\/5-768x576.jpg\" data-sub-html=\"<h4>Un Recreo en Positivo<\/h4>\"><a href=\"\" class=\"gallery-item-link relative mb-0\"><img decoding=\"async\" class=\"img-responsive\" src=\"https:\/\/rubenpirola.com\/nuevo\/wp-content\/uploads\/2025\/04\/5-300x300.jpg\"><div class=\"over fs32\"><i class=\"fa fa-search c-white\"><\/i><\/div><\/a><\/div><div class=\"gallery-item\" data-responsive=\"https:\/\/rubenpirola.com\/nuevo\/wp-content\/uploads\/2025\/04\/4-300x300.jpg 375, https:\/\/rubenpirola.com\/nuevo\/wp-content\/uploads\/2025\/04\/4-300x300.jpg 480, https:\/\/rubenpirola.com\/nuevo\/wp-content\/uploads\/2025\/04\/4-300x300.jpg 800\" data-src=\"https:\/\/rubenpirola.com\/nuevo\/wp-content\/uploads\/2025\/04\/4-768x576.jpg\" data-sub-html=\"<h4>Un Recreo en Positivo<\/h4>\"><a href=\"\" class=\"gallery-item-link relative mb-0\"><img decoding=\"async\" class=\"img-responsive\" src=\"https:\/\/rubenpirola.com\/nuevo\/wp-content\/uploads\/2025\/04\/4-300x300.jpg\"><div class=\"over fs32\"><i class=\"fa fa-search c-white\"><\/i><\/div><\/a><\/div><div class=\"gallery-item\" data-responsive=\"https:\/\/rubenpirola.com\/nuevo\/wp-content\/uploads\/2025\/04\/3-300x300.jpg 375, https:\/\/rubenpirola.com\/nuevo\/wp-content\/uploads\/2025\/04\/3-300x300.jpg 480, https:\/\/rubenpirola.com\/nuevo\/wp-content\/uploads\/2025\/04\/3-300x300.jpg 800\" data-src=\"https:\/\/rubenpirola.com\/nuevo\/wp-content\/uploads\/2025\/04\/3-768x576.jpg\" data-sub-html=\"<h4>Un Recreo en Positivo<\/h4>\"><a href=\"\" class=\"gallery-item-link relative mb-0\"><img decoding=\"async\" class=\"img-responsive\" src=\"https:\/\/rubenpirola.com\/nuevo\/wp-content\/uploads\/2025\/04\/3-300x300.jpg\"><div class=\"over fs32\"><i class=\"fa fa-search c-white\"><\/i><\/div><\/a><\/div><div class=\"gallery-item\" data-responsive=\"https:\/\/rubenpirola.com\/nuevo\/wp-content\/uploads\/2025\/04\/2-300x300.jpg 375, https:\/\/rubenpirola.com\/nuevo\/wp-content\/uploads\/2025\/04\/2-300x300.jpg 480, https:\/\/rubenpirola.com\/nuevo\/wp-content\/uploads\/2025\/04\/2-300x300.jpg 800\" data-src=\"https:\/\/rubenpirola.com\/nuevo\/wp-content\/uploads\/2025\/04\/2-768x576.jpg\" data-sub-html=\"<h4>Un Recreo en Positivo<\/h4>\"><a href=\"\" class=\"gallery-item-link relative mb-0\"><img decoding=\"async\" class=\"img-responsive\" src=\"https:\/\/rubenpirola.com\/nuevo\/wp-content\/uploads\/2025\/04\/2-300x300.jpg\"><div class=\"over fs32\"><i class=\"fa fa-search c-white\"><\/i><\/div><\/a><\/div><div class=\"gallery-item\" data-responsive=\"https:\/\/rubenpirola.com\/nuevo\/wp-content\/uploads\/2025\/04\/1-300x300.jpg 375, https:\/\/rubenpirola.com\/nuevo\/wp-content\/uploads\/2025\/04\/1-300x300.jpg 480, https:\/\/rubenpirola.com\/nuevo\/wp-content\/uploads\/2025\/04\/1-300x300.jpg 800\" data-src=\"https:\/\/rubenpirola.com\/nuevo\/wp-content\/uploads\/2025\/04\/1-768x576.jpg\" data-sub-html=\"<h4>Un Recreo en Positivo<\/h4>\"><a href=\"\" class=\"gallery-item-link relative mb-0\"><img decoding=\"async\" class=\"img-responsive\" src=\"https:\/\/rubenpirola.com\/nuevo\/wp-content\/uploads\/2025\/04\/1-300x300.jpg\"><div class=\"over fs32\"><i class=\"fa fa-search c-white\"><\/i><\/div><\/a><\/div><\/div>\n<p><script async src=\"\/\/www.instagram.com\/embed.js\"><\/script><\/p>\n<div id=\"lightgallery\" class=\"single-gallery\"><div class=\"gallery-item\" data-responsive=\"https:\/\/rubenpirola.com\/nuevo\/wp-content\/uploads\/2018\/11\/1-2-300x225.jpg 375, https:\/\/rubenpirola.com\/nuevo\/wp-content\/uploads\/2018\/11\/1-2-300x225.jpg 480, https:\/\/rubenpirola.com\/nuevo\/wp-content\/uploads\/2018\/11\/1-2-300x225.jpg 800\" data-src=\"https:\/\/rubenpirola.com\/nuevo\/wp-content\/uploads\/2018\/11\/1-2-768x576.jpg\" data-sub-html=\"<h4>Un Recreo en Positivo<\/h4>\"><a href=\"\" class=\"gallery-item-link relative mb-0\"><img decoding=\"async\" class=\"img-responsive\" src=\"https:\/\/rubenpirola.com\/nuevo\/wp-content\/uploads\/2018\/11\/1-2-300x225.jpg\"><div class=\"over fs32\"><i class=\"fa fa-search c-white\"><\/i><\/div><\/a><\/div><div class=\"gallery-item\" data-responsive=\"https:\/\/rubenpirola.com\/nuevo\/wp-content\/uploads\/2018\/11\/2-4-300x225.jpg 375, https:\/\/rubenpirola.com\/nuevo\/wp-content\/uploads\/2018\/11\/2-4-300x225.jpg 480, https:\/\/rubenpirola.com\/nuevo\/wp-content\/uploads\/2018\/11\/2-4-300x225.jpg 800\" data-src=\"https:\/\/rubenpirola.com\/nuevo\/wp-content\/uploads\/2018\/11\/2-4-768x576.jpg\" data-sub-html=\"<h4>Un Recreo en Positivo<\/h4>\"><a href=\"\" class=\"gallery-item-link relative mb-0\"><img decoding=\"async\" class=\"img-responsive\" src=\"https:\/\/rubenpirola.com\/nuevo\/wp-content\/uploads\/2018\/11\/2-4-300x225.jpg\"><div class=\"over fs32\"><i class=\"fa fa-search c-white\"><\/i><\/div><\/a><\/div><div class=\"gallery-item\" data-responsive=\"https:\/\/rubenpirola.com\/nuevo\/wp-content\/uploads\/2018\/11\/3-2-300x225.jpg 375, https:\/\/rubenpirola.com\/nuevo\/wp-content\/uploads\/2018\/11\/3-2-300x225.jpg 480, https:\/\/rubenpirola.com\/nuevo\/wp-content\/uploads\/2018\/11\/3-2-300x225.jpg 800\" data-src=\"https:\/\/rubenpirola.com\/nuevo\/wp-content\/uploads\/2018\/11\/3-2-768x576.jpg\" data-sub-html=\"<h4>Un Recreo en Positivo<\/h4>\"><a href=\"\" class=\"gallery-item-link relative mb-0\"><img decoding=\"async\" class=\"img-responsive\" src=\"https:\/\/rubenpirola.com\/nuevo\/wp-content\/uploads\/2018\/11\/3-2-300x225.jpg\"><div class=\"over fs32\"><i class=\"fa fa-search c-white\"><\/i><\/div><\/a><\/div><div class=\"gallery-item\" data-responsive=\"https:\/\/rubenpirola.com\/nuevo\/wp-content\/uploads\/2018\/11\/4-2-300x225.jpg 375, https:\/\/rubenpirola.com\/nuevo\/wp-content\/uploads\/2018\/11\/4-2-300x225.jpg 480, https:\/\/rubenpirola.com\/nuevo\/wp-content\/uploads\/2018\/11\/4-2-300x225.jpg 800\" data-src=\"https:\/\/rubenpirola.com\/nuevo\/wp-content\/uploads\/2018\/11\/4-2-768x576.jpg\" data-sub-html=\"<h4>Un Recreo en Positivo<\/h4>\"><a href=\"\" class=\"gallery-item-link relative mb-0\"><img decoding=\"async\" class=\"img-responsive\" src=\"https:\/\/rubenpirola.com\/nuevo\/wp-content\/uploads\/2018\/11\/4-2-300x225.jpg\"><div class=\"over fs32\"><i class=\"fa fa-search c-white\"><\/i><\/div><\/a><\/div><div class=\"gallery-item\" data-responsive=\"https:\/\/rubenpirola.com\/nuevo\/wp-content\/uploads\/2018\/11\/5-1-300x225.jpg 375, https:\/\/rubenpirola.com\/nuevo\/wp-content\/uploads\/2018\/11\/5-1-300x225.jpg 480, https:\/\/rubenpirola.com\/nuevo\/wp-content\/uploads\/2018\/11\/5-1-300x225.jpg 800\" data-src=\"https:\/\/rubenpirola.com\/nuevo\/wp-content\/uploads\/2018\/11\/5-1-768x576.jpg\" data-sub-html=\"<h4>Un Recreo en Positivo<\/h4>\"><a href=\"\" class=\"gallery-item-link relative mb-0\"><img decoding=\"async\" class=\"img-responsive\" src=\"https:\/\/rubenpirola.com\/nuevo\/wp-content\/uploads\/2018\/11\/5-1-300x225.jpg\"><div class=\"over fs32\"><i class=\"fa fa-search c-white\"><\/i><\/div><\/a><\/div><div class=\"gallery-item\" data-responsive=\"https:\/\/rubenpirola.com\/nuevo\/wp-content\/uploads\/2018\/11\/6-1-300x225.jpg 375, https:\/\/rubenpirola.com\/nuevo\/wp-content\/uploads\/2018\/11\/6-1-300x225.jpg 480, https:\/\/rubenpirola.com\/nuevo\/wp-content\/uploads\/2018\/11\/6-1-300x225.jpg 800\" data-src=\"https:\/\/rubenpirola.com\/nuevo\/wp-content\/uploads\/2018\/11\/6-1-768x576.jpg\" data-sub-html=\"<h4>Un Recreo en Positivo<\/h4>\"><a href=\"\" class=\"gallery-item-link relative mb-0\"><img decoding=\"async\" class=\"img-responsive\" src=\"https:\/\/rubenpirola.com\/nuevo\/wp-content\/uploads\/2018\/11\/6-1-300x225.jpg\"><div class=\"over fs32\"><i class=\"fa fa-search c-white\"><\/i><\/div><\/a><\/div><div class=\"gallery-item\" data-responsive=\"https:\/\/rubenpirola.com\/nuevo\/wp-content\/uploads\/2018\/11\/7-1-300x225.jpg 375, https:\/\/rubenpirola.com\/nuevo\/wp-content\/uploads\/2018\/11\/7-1-300x225.jpg 480, https:\/\/rubenpirola.com\/nuevo\/wp-content\/uploads\/2018\/11\/7-1-300x225.jpg 800\" data-src=\"https:\/\/rubenpirola.com\/nuevo\/wp-content\/uploads\/2018\/11\/7-1-768x576.jpg\" data-sub-html=\"<h4>Un Recreo en Positivo<\/h4>\"><a href=\"\" class=\"gallery-item-link relative mb-0\"><img decoding=\"async\" class=\"img-responsive\" src=\"https:\/\/rubenpirola.com\/nuevo\/wp-content\/uploads\/2018\/11\/7-1-300x225.jpg\"><div class=\"over fs32\"><i class=\"fa fa-search c-white\"><\/i><\/div><\/a><\/div><div class=\"gallery-item\" data-responsive=\"https:\/\/rubenpirola.com\/nuevo\/wp-content\/uploads\/2018\/11\/8-1-300x225.jpg 375, https:\/\/rubenpirola.com\/nuevo\/wp-content\/uploads\/2018\/11\/8-1-300x225.jpg 480, https:\/\/rubenpirola.com\/nuevo\/wp-content\/uploads\/2018\/11\/8-1-300x225.jpg 800\" data-src=\"https:\/\/rubenpirola.com\/nuevo\/wp-content\/uploads\/2018\/11\/8-1-768x576.jpg\" data-sub-html=\"<h4>Un Recreo en Positivo<\/h4>\"><a href=\"\" class=\"gallery-item-link relative mb-0\"><img decoding=\"async\" class=\"img-responsive\" src=\"https:\/\/rubenpirola.com\/nuevo\/wp-content\/uploads\/2018\/11\/8-1-300x225.jpg\"><div class=\"over fs32\"><i class=\"fa fa-search c-white\"><\/i><\/div><\/a><\/div><div class=\"gallery-item\" data-responsive=\"https:\/\/rubenpirola.com\/nuevo\/wp-content\/uploads\/2018\/11\/9-1-300x225.jpg 375, https:\/\/rubenpirola.com\/nuevo\/wp-content\/uploads\/2018\/11\/9-1-300x225.jpg 480, https:\/\/rubenpirola.com\/nuevo\/wp-content\/uploads\/2018\/11\/9-1-300x225.jpg 800\" data-src=\"https:\/\/rubenpirola.com\/nuevo\/wp-content\/uploads\/2018\/11\/9-1-768x576.jpg\" data-sub-html=\"<h4>Un Recreo en Positivo<\/h4>\"><a href=\"\" class=\"gallery-item-link relative mb-0\"><img decoding=\"async\" class=\"img-responsive\" src=\"https:\/\/rubenpirola.com\/nuevo\/wp-content\/uploads\/2018\/11\/9-1-300x225.jpg\"><div class=\"over fs32\"><i class=\"fa fa-search c-white\"><\/i><\/div><\/a><\/div><div class=\"gallery-item\" data-responsive=\"https:\/\/rubenpirola.com\/nuevo\/wp-content\/uploads\/2018\/11\/91-300x225.jpg 375, https:\/\/rubenpirola.com\/nuevo\/wp-content\/uploads\/2018\/11\/91-300x225.jpg 480, https:\/\/rubenpirola.com\/nuevo\/wp-content\/uploads\/2018\/11\/91-300x225.jpg 800\" data-src=\"https:\/\/rubenpirola.com\/nuevo\/wp-content\/uploads\/2018\/11\/91-768x576.jpg\" data-sub-html=\"<h4>Un Recreo en Positivo<\/h4>\"><a href=\"\" class=\"gallery-item-link relative mb-0\"><img decoding=\"async\" class=\"img-responsive\" src=\"https:\/\/rubenpirola.com\/nuevo\/wp-content\/uploads\/2018\/11\/91-300x225.jpg\"><div class=\"over fs32\"><i class=\"fa fa-search c-white\"><\/i><\/div><\/a><\/div><div class=\"gallery-item\" data-responsive=\"https:\/\/rubenpirola.com\/nuevo\/wp-content\/uploads\/2018\/11\/92-300x225.jpg 375, https:\/\/rubenpirola.com\/nuevo\/wp-content\/uploads\/2018\/11\/92-300x225.jpg 480, https:\/\/rubenpirola.com\/nuevo\/wp-content\/uploads\/2018\/11\/92-300x225.jpg 800\" data-src=\"https:\/\/rubenpirola.com\/nuevo\/wp-content\/uploads\/2018\/11\/92-768x576.jpg\" data-sub-html=\"<h4>Un Recreo en Positivo<\/h4>\"><a href=\"\" class=\"gallery-item-link relative mb-0\"><img decoding=\"async\" class=\"img-responsive\" src=\"https:\/\/rubenpirola.com\/nuevo\/wp-content\/uploads\/2018\/11\/92-300x225.jpg\"><div class=\"over fs32\"><i class=\"fa fa-search c-white\"><\/i><\/div><\/a><\/div><div class=\"gallery-item\" data-responsive=\"https:\/\/rubenpirola.com\/nuevo\/wp-content\/uploads\/2018\/11\/93-300x225.jpg 375, https:\/\/rubenpirola.com\/nuevo\/wp-content\/uploads\/2018\/11\/93-300x225.jpg 480, https:\/\/rubenpirola.com\/nuevo\/wp-content\/uploads\/2018\/11\/93-300x225.jpg 800\" data-src=\"https:\/\/rubenpirola.com\/nuevo\/wp-content\/uploads\/2018\/11\/93-768x576.jpg\" data-sub-html=\"<h4>Un Recreo en Positivo<\/h4>\"><a href=\"\" class=\"gallery-item-link relative mb-0\"><img decoding=\"async\" class=\"img-responsive\" src=\"https:\/\/rubenpirola.com\/nuevo\/wp-content\/uploads\/2018\/11\/93-300x225.jpg\"><div class=\"over fs32\"><i class=\"fa fa-search c-white\"><\/i><\/div><\/a><\/div><\/div>\n<p>&nbsp;<\/p>\n<p>Quienes quieran contar con esta actividad en su entorno educativo pueden solicitarla dejando los datos de contacto en el siguiente formulario:<\/p>\n<p><strong> \n<div class=\"wpcf7 no-js\" id=\"wpcf7-f14976-o1\" lang=\"es-ES\" dir=\"ltr\" data-wpcf7-id=\"14976\">\n<div class=\"screen-reader-response\"><p role=\"status\" aria-live=\"polite\" aria-atomic=\"true\"><\/p> <ul><\/ul><\/div>\n<form action=\"\/nuevo\/wp-json\/wp\/v2\/pages\/6565#wpcf7-f14976-o1\" method=\"post\" class=\"wpcf7-form init\" aria-label=\"Formulario de contacto\" novalidate=\"novalidate\" data-status=\"init\">\n<fieldset class=\"hidden-fields-container\"><input type=\"hidden\" name=\"_wpcf7\" value=\"14976\" \/><input type=\"hidden\" name=\"_wpcf7_version\" value=\"6.1.5\" \/><input type=\"hidden\" name=\"_wpcf7_locale\" value=\"es_ES\" \/><input type=\"hidden\" name=\"_wpcf7_unit_tag\" value=\"wpcf7-f14976-o1\" \/><input type=\"hidden\" name=\"_wpcf7_container_post\" value=\"0\" \/><input type=\"hidden\" name=\"_wpcf7_posted_data_hash\" value=\"\" \/>\n<\/fieldset>\n<div class=\"row\">\n\t<div class=\"col-sm-6\">\n\t\t<p><label for=\"fdate\">Fecha de la solicitud:<\/label><span class=\"wpcf7-form-control-wrap\" data-name=\"fdate\"><input class=\"wpcf7-form-control wpcf7-date wpcf7-validates-as-required wpcf7-validates-as-date form-control\" id=\"fdate\" aria-required=\"true\" aria-invalid=\"false\" placeholder=\"Fecha para la que solicita\" value=\"\" type=\"date\" name=\"fdate\" \/><\/span>\n\t\t<\/p>\n\t<\/div>\n\t<div class=\"col-sm-6\">\n\t\t<p><label for=\"floca\">Localidad:<\/label><span class=\"wpcf7-form-control-wrap\" data-name=\"floca\"><input size=\"40\" maxlength=\"400\" class=\"wpcf7-form-control wpcf7-text wpcf7-validates-as-required form-control\" id=\"floca\" aria-required=\"true\" aria-invalid=\"false\" placeholder=\"Localidad\" value=\"\" type=\"text\" name=\"floca\" \/><\/span>\n\t\t<\/p>\n\t<\/div>\n\t<div class=\"col-sm-6\">\n\t\t<p><label for=\"fres\">Responsable:<\/label><span class=\"wpcf7-form-control-wrap\" data-name=\"fres\"><input size=\"40\" maxlength=\"400\" class=\"wpcf7-form-control wpcf7-text wpcf7-validates-as-required form-control\" id=\"fres\" aria-required=\"true\" aria-invalid=\"false\" placeholder=\"Responsable de la solicitud\" value=\"\" type=\"text\" name=\"fres\" \/><\/span>\n\t\t<\/p>\n\t<\/div>\n\t<div class=\"col-sm-6\">\n\t\t<p><label for=\"ftel\">Telefono:<\/label><span class=\"wpcf7-form-control-wrap\" data-name=\"ftel\"><input size=\"40\" maxlength=\"400\" class=\"wpcf7-form-control wpcf7-tel wpcf7-validates-as-required wpcf7-text wpcf7-validates-as-tel form-control\" id=\"ftel\" aria-required=\"true\" aria-invalid=\"false\" placeholder=\"Tel\u00e9fono de Contacto\" value=\"\" type=\"tel\" name=\"ftel\" \/><\/span>\n\t\t<\/p>\n\t<\/div>\n\t<div class=\"col-sm-6\">\n\t\t<p><label for=\"femail\">Correo Electronico:<\/label><span class=\"wpcf7-form-control-wrap\" data-name=\"femail\"><input size=\"40\" maxlength=\"400\" class=\"wpcf7-form-control wpcf7-email wpcf7-validates-as-required wpcf7-text wpcf7-validates-as-email form-control\" id=\"femail\" aria-required=\"true\" aria-invalid=\"false\" placeholder=\"Correo Electr\u00f3nico\" value=\"\" type=\"email\" name=\"femail\" \/><\/span>\n\t\t<\/p>\n\t<\/div>\n\t<div class=\"col-sm-6\">\n\t\t<p><label for=\"fcome\">Comentarios:<\/label><span class=\"wpcf7-form-control-wrap\" data-name=\"fcome\"><textarea cols=\"40\" rows=\"10\" maxlength=\"2000\" class=\"wpcf7-form-control wpcf7-textarea wpcf7-validates-as-required form-control\" id=\"fcome\" aria-required=\"true\" aria-invalid=\"false\" placeholder=\"Comentarios\" name=\"fcome\"><\/textarea><\/span>\n\t\t<\/p>\n\t<\/div>\n\t<div class=\"col-xs-12 text-center\">\n\t\t<p><input class=\"wpcf7-form-control wpcf7-submit has-spinner btn btn-lg btn-primary\" type=\"submit\" value=\"Enviar\" \/>\n\t\t<\/p>\n\t<\/div>\n<\/div><div class=\"wpcf7-response-output\" aria-hidden=\"true\"><\/div>\n<\/form>\n<\/div>\n \u00a0 \u00a0 \u00a0 \u00a0<\/strong><\/p>\n","protected":false},"excerpt":{"rendered":"<p>En el marco de la campa\u00f1a permanente de concientizaci\u00f3n de los derechos ciudadanos, que desde mi banca impulso, como una&nbsp;<\/p>\n","protected":false},"author":1,"featured_media":15044,"parent":0,"menu_order":0,"comment_status":"closed","ping_status":"closed","template":"","meta":{"_acf_changed":false,"_joinchat":[],"footnotes":""},"class_list":["post-6565","page","type-page","status-publish","has-post-thumbnail","hentry"],"acf":[],"_links":{"self":[{"href":"https:\/\/rubenpirola.com\/nuevo\/wp-json\/wp\/v2\/pages\/6565","targetHints":{"allow":["GET"]}}],"collection":[{"href":"https:\/\/rubenpirola.com\/nuevo\/wp-json\/wp\/v2\/pages"}],"about":[{"href":"https:\/\/rubenpirola.com\/nuevo\/wp-json\/wp\/v2\/types\/page"}],"author":[{"embeddable":true,"href":"https:\/\/rubenpirola.com\/nuevo\/wp-json\/wp\/v2\/users\/1"}],"replies":[{"embeddable":true,"href":"https:\/\/rubenpirola.com\/nuevo\/wp-json\/wp\/v2\/comments?post=6565"}],"version-history":[{"count":10,"href":"https:\/\/rubenpirola.com\/nuevo\/wp-json\/wp\/v2\/pages\/6565\/revisions"}],"predecessor-version":[{"id":15652,"href":"https:\/\/rubenpirola.com\/nuevo\/wp-json\/wp\/v2\/pages\/6565\/revisions\/15652"}],"wp:featuredmedia":[{"embeddable":true,"href":"https:\/\/rubenpirola.com\/nuevo\/wp-json\/wp\/v2\/media\/15044"}],"wp:attachment":[{"href":"https:\/\/rubenpirola.com\/nuevo\/wp-json\/wp\/v2\/media?parent=6565"}],"curies":[{"name":"wp","href":"https:\/\/api.w.org\/{rel}","templated":true}]}}