{"id":6675,"date":"2018-03-02T16:13:57","date_gmt":"2018-03-02T19:13:57","guid":{"rendered":"http:\/\/www.rubenpirola.com\/?page_id=6675"},"modified":"2024-06-08T09:08:13","modified_gmt":"2024-06-08T12:08:13","slug":"fomentando-la-cultura-democratica","status":"publish","type":"page","link":"https:\/\/rubenpirola.com\/nuevo\/fomentando-la-cultura-democratica\/","title":{"rendered":"Ciudadanos en el Senado"},"content":{"rendered":"<p><img loading=\"lazy\" decoding=\"async\" class=\"alignnone wp-image-7184 size-large\" src=\"http:\/\/www.rubenpirola.com\/wp-content\/uploads\/2018\/04\/ciudadanos-en-el-senado-1-1024x768.jpg\" alt=\"\" width=\"1024\" height=\"768\" srcset=\"https:\/\/rubenpirola.com\/nuevo\/wp-content\/uploads\/2018\/04\/ciudadanos-en-el-senado-1-1024x768.jpg 1024w, https:\/\/rubenpirola.com\/nuevo\/wp-content\/uploads\/2018\/04\/ciudadanos-en-el-senado-1-300x225.jpg 300w, https:\/\/rubenpirola.com\/nuevo\/wp-content\/uploads\/2018\/04\/ciudadanos-en-el-senado-1-768x576.jpg 768w, https:\/\/rubenpirola.com\/nuevo\/wp-content\/uploads\/2018\/04\/ciudadanos-en-el-senado-1.jpg 1200w\" sizes=\"auto, (max-width: 1024px) 100vw, 1024px\" \/><\/p>\n<p>Es una actividad permanente de extensi\u00f3n institucional que consiste en la simulaci\u00f3n de una Sesi\u00f3n en la que los ciudadanos asumen el rol de senadores. Esta propuesta responde a la necesidad de acercar la tarea legislativa a la comunidad, de fomentar la cultura democr\u00e1tica, el valor de las leyes y la participaci\u00f3n ciudadana.<\/p>\n<p><em>\u201cCada oportunidad en la que recib\u00ed \u00a0a los j\u00f3venes en el recinto fue \u00a0muy motivante porque veo \u00a0en ellos las ganas de hacer, los deseos profundos de aportar al bien de sus comunidades y eso que advierto en ellos me interpela por lo que hago d\u00eda a d\u00eda para dar respuesta a esos mismos deseos y me permite descubrirme con esas mismas ganas que todos los d\u00edas personalmente expongo, producto de conocer muy de cerca la realidad de cada una de nuestras comunidades. Por eso ampliar \u00a0esta actividad con habitantes de diferentes instituciones \u00a0me da mucha alegr\u00eda. Bienvenidos\u201d<br \/>\n<\/em><\/p>\n<p>Para reservar un turno manifestando el deseo de participar en una de las actividades, contact\u00e1 al equipo de manera directa v\u00eda WhatsApp al <span style=\"font-weight: 400;\">+54 9 3425 39-0021 y\u00a0<\/span> a la brevedad coordinamos para hacer efectivo el encuentro.<\/p>\n<p>Record\u00e1 que la actividad se desarrolla desde agosto en adelante s\u00f3lo los d\u00edas lunes, martes y mi\u00e9rcoles por la tarde.<\/p>\n","protected":false},"excerpt":{"rendered":"<p>Es una actividad permanente de extensi\u00f3n institucional que consiste en la simulaci\u00f3n de una Sesi\u00f3n en la que los ciudadanos&nbsp;<\/p>\n","protected":false},"author":1,"featured_media":0,"parent":0,"menu_order":0,"comment_status":"closed","ping_status":"closed","template":"","meta":{"_acf_changed":false,"_joinchat":[],"footnotes":""},"class_list":["post-6675","page","type-page","status-publish","hentry"],"acf":[],"_links":{"self":[{"href":"https:\/\/rubenpirola.com\/nuevo\/wp-json\/wp\/v2\/pages\/6675","targetHints":{"allow":["GET"]}}],"collection":[{"href":"https:\/\/rubenpirola.com\/nuevo\/wp-json\/wp\/v2\/pages"}],"about":[{"href":"https:\/\/rubenpirola.com\/nuevo\/wp-json\/wp\/v2\/types\/page"}],"author":[{"embeddable":true,"href":"https:\/\/rubenpirola.com\/nuevo\/wp-json\/wp\/v2\/users\/1"}],"replies":[{"embeddable":true,"href":"https:\/\/rubenpirola.com\/nuevo\/wp-json\/wp\/v2\/comments?post=6675"}],"version-history":[{"count":3,"href":"https:\/\/rubenpirola.com\/nuevo\/wp-json\/wp\/v2\/pages\/6675\/revisions"}],"predecessor-version":[{"id":15157,"href":"https:\/\/rubenpirola.com\/nuevo\/wp-json\/wp\/v2\/pages\/6675\/revisions\/15157"}],"wp:attachment":[{"href":"https:\/\/rubenpirola.com\/nuevo\/wp-json\/wp\/v2\/media?parent=6675"}],"curies":[{"name":"wp","href":"https:\/\/api.w.org\/{rel}","templated":true}]}}