{"id":7173,"date":"2018-04-23T21:55:23","date_gmt":"2018-04-24T00:55:23","guid":{"rendered":"http:\/\/www.rubenpirola.com\/?page_id=7173"},"modified":"2026-04-07T11:08:55","modified_gmt":"2026-04-07T14:08:55","slug":"mascotas","status":"publish","type":"page","link":"https:\/\/rubenpirola.com\/nuevo\/mascotas\/","title":{"rendered":"Mascotas Las Colonias"},"content":{"rendered":"<p data-start=\"280\" data-end=\"323\"><strong data-start=\"280\" data-end=\"323\">Cronograma de castraciones \u2014 Abril 2026<br \/>\n<\/strong>Martes 7 \u2014 Franck<br data-start=\"342\" data-end=\"345\" \/>Mi\u00e9rcoles 8 \u2014 San Jer\u00f3nimo Norte<br data-start=\"377\" data-end=\"380\" \/>Jueves 9 \u2014 San Carlos Centro<br data-start=\"408\" data-end=\"411\" \/>Jueves 16 \u2014 Colonia San Jos\u00e9<br data-start=\"439\" data-end=\"442\" \/>Jueves 23 \u2014 Santa Mar\u00eda Centro<br data-start=\"472\" data-end=\"475\" \/>Martes 28 \u2014 Humboldt<br data-start=\"495\" data-end=\"498\" \/>Mi\u00e9rcoles 29 \u2014 Esperanza<br data-start=\"522\" data-end=\"525\" \/>Jueves 30 \u2014 Cavour<\/p>\n<p><strong>Mayo 2026<\/strong><br \/>\nMartes 5 \u2014 Grutly<br data-start=\"119\" data-end=\"122\" \/>Mi\u00e9rcoles 6 \u2014 Hipatia<br data-start=\"147\" data-end=\"150\" \/>Jueves 7 \u2014 Culul\u00fa<br data-start=\"171\" data-end=\"174\" \/>Martes 12 \u2014 Franck<br data-start=\"196\" data-end=\"199\" data-is-only-node=\"\" \/>Mi\u00e9rcoles 13 \u2014 Las Tunas<br data-start=\"227\" data-end=\"230\" \/>Jueves 14 \u2014 San Jer\u00f3nimo Norte<br data-start=\"264\" data-end=\"267\" \/>Viernes 15 \u2014 Pilar<br data-start=\"289\" data-end=\"292\" \/>Mi\u00e9rcoles 20 \u2014 Sarmiento<br data-start=\"320\" data-end=\"323\" \/>Jueves 21 \u2014 Esperanza<\/p>\n<div class=\"z-0 flex min-h-[46px] justify-start\"><\/div>\n\n<p><strong>El Programa:<\/strong><br \/>\n<em>\u201cMascotas Las Colonias es un Programa que naci\u00f3 de mi idea de acompa\u00f1ar a los gobiernos locales y a los habitantes de las localidades del Departamento en el control de la poblaci\u00f3n de perros y gatos mediante la esterilizaci\u00f3n de las mascotas ya que esta pr\u00e1ctica es el m\u00e9todo m\u00e1s eficaz para controlar su reproducci\u00f3n, herramienta imprescindible para evitar las situaciones de la superpoblaci\u00f3n, previniendo las gestaciones y camadas no deseadas.<\/em><\/p>\n<p><em>De esta manera adem\u00e1s favorecemos la salud de los habitantes de nuestras comunidades que se ven menos expuestos a enfermedades de transmisi\u00f3n animal, aportando adem\u00e1s a mejorar la convivencia ciudadana en materia relacionada con la presencia de animales, que provocan situaciones no deseadas que pueden llegar a resultar molestas.<\/em><\/p>\n<p>En definitiva, con el Programa Mascotas Las Colonias, sumamos las herramientas necesarias para lograr el bienestar de nuestros animales, generando una convivencia arm\u00f3nica y responsable de las mascotas y sus tenedores en nuestras comunidades, lo que redunda en una mejor calidad de vida para cada uno de nuestros vecinos\u201d\u00a0explica desde su web el legislador provincial.<strong><br \/>\n<\/strong><\/p>\n<p>Senador Rub\u00e9n Pirola.<\/p>\n<p><strong>\u00bfPor qu\u00e9 es importante castrar a tu mascota?<\/strong><br \/>\nLa castraci\u00f3n es una cirug\u00eda que impide la reproducci\u00f3n en perros y gatos, tanto en machos como en hembras, evitando as\u00ed el nacimiento de futuros cachorros sin hogar, adem\u00e1s de prevenir enfermedades y promover una mejor calidad de vida.<br \/>\n<strong><br \/>\nBeneficios del Programa <\/strong><br \/>\n<strong>Para la sociedad<\/strong><br \/>\n1) Habr\u00e1 gran disminuci\u00f3n de accidentes de tr\u00e1nsito y cicl\u00edsticos\u2026<br \/>\n2) Habr\u00e1 menos ruidos molestos y muchas menos mordeduras\u2026<br \/>\n3) Habr\u00e1 menor cantidad de animales en la v\u00eda p\u00fablica\u00a0 y rotura\u00a0 de bolsas de\u00a0 basura\u2026 por tanto, menor contaminaci\u00f3n\u2026<br \/>\n4) Disminuir\u00e1 el abandono y el maltrato de animales\u2026<\/p>\n<p><strong>Para las personas<\/strong><br \/>\n1) Evitar\u00e1 cr\u00edas no deseadas, mordeduras, peleas, fugas, maullidos nocturnos, rociado de orina y problemas con los vecinos\u2026<br \/>\n2) Sus animales ser\u00e1n m\u00e1s sanos, vivir\u00e1n m\u00e1s a\u00f1os y ser\u00e1n m\u00e1s guardianes\u2026<br \/>\n3) Evitar\u00e1 que su familia se contagie enfermedades: leptospirosis, brucelosis, sarna, hongos, par\u00e1sitos\u2026<\/p>\n<p><strong>Para los animales<\/strong><br \/>\n1) Evitar\u00e1 en las hembras, c\u00e1ncer de mama, de ovario, infecci\u00f3n uterina, hernias, embarazo psicol\u00f3gico, descalcificaci\u00f3n, muerte de parto\u2026<br \/>\n2) Evitar\u00e1 en los machos, c\u00e1ncer de pr\u00f3stata, de test\u00edculo, enfermedades ven\u00e9reas: tumor de sticker, brucelosis\u2026<br \/>\n3) Tendr\u00e1n menor contagio de par\u00e1sitos, sarna, hongos, leptospirosis&#8230;<\/p>\n<p><strong>Requisitos para la cirug\u00eda:<\/strong><br \/>\nEl d\u00eda de la cirug\u00eda, trae a tu mascota con correa y collar, junto con un abrigo para envolverla y darle calor.<\/p>\n<p>Una persona mayor de 18 a\u00f1os deber\u00e1 firmar la autorizaci\u00f3n quir\u00fargica y permanecer en el lugar hasta una vez finalizada la cirug\u00eda.<\/p>\n<p>Tu mascota debe tener 12 horas de ayuno de alimentos s\u00f3lidos.<\/p>\n<p>El animal debe gozar de buena salud y tener m\u00e1s de 6 meses. Si ha tenido cr\u00eda, es necesario dejar pasar 30 d\u00edas despu\u00e9s de la fecha del parto.<\/p>\n<p><strong>Cuidado post-operatorio del animal operado<\/strong><br \/>\nPor haber sido sometido a una intervenci\u00f3n quir\u00fargica, al regresar al hogar, debe dormir dentro de un lugar c\u00e1lido (ya que la anestesia baja la temperatura corporal), con poca luz, alejado de ruidos estridentes y del paso de la gente.<br \/>\n1) No debe ingerir alimentos hasta el d\u00eda siguiente. Se le puede ofrecer un poco de agua, de a poco, viendo c\u00f3mo la tolera, y s\u00f3lo cuando est\u00e9 bien despierto\/a.<br \/>\n2) Es recomendable que el animal operado haga vida tranquila las primeras 72 Hs.<br \/>\n3) Al d\u00eda siguiente deber\u00e1 empezar a ingerir l\u00edquidos normalmente y s\u00f3lidos pero en peque\u00f1as ingestas, ya que podr\u00eda vomitar. De ser as\u00ed, consultar con su veterinario.<br \/>\n4) Debe evitar que su animal toque la herida mediante lamidos o rascado siendo necesario (en algunos casos) el collar isabelino, para evitarlo. Tampoco deber\u00e1 mojar los puntos durante 10 d\u00edas (lluvia, charcos, pileta, ba\u00f1os).<br \/>\n5) Al d\u00eda siguiente de la esterilizaci\u00f3n se recomienda hacer el control profesional con su veterinario de confianza.<br \/>\n6) Las perras que son castradas estando en celo deben permanecer unos d\u00edas apartadas de machos ya que demoran un tiempo en dejar de atraerlos, a\u00fan operadas, pero es recomendable no realizar la castraci\u00f3n en este per\u00edodo.<\/p>\n<p><strong>Informaci\u00f3n Adicional Importante:<\/strong><br \/>\n<strong>Vacunas:<\/strong> la vacuna que se aplica en el m\u00f3vil quir\u00fargico es la ANTIRRABICA (se debe aplicar una vez al a\u00f1o). En cambio la vacuna, por ejemplo, para parvovirus, moquillo, leptospirosis, etc. (para perros), o la triple felina (para gatos), deben aplicarse en veterinarias privadas, y son fundamentales tambi\u00e9n para preservar su salud y su vida.<\/p>\n<p>En el caso de los adultos tambi\u00e9n se deben aplicar anualmente y, en el caso de cachorros, se deben aplicar entre tres y cuatro dosis iniciales seg\u00fan el programa que indique el profesional privado.<\/p>\n<p><strong>Desparasitantes:<\/strong> en el caso de los adultos se recomienda desparasitar cada tres meses y, en el caso de cachorros, se debe desparasitar seg\u00fan el programa que indique el veterinario privado (Salud Animal Municipal aplica desparasitantes b\u00e1sicos; se debe tener en cuenta que, a veces, es necesario aplicar desparasitantes m\u00e1s espec\u00edficos que se solicitan en veterinarias privadas; y nunca dejar de consultar si el animal baja mucho de peso, pierde pelo, cambia su textura o presenta alguna otra anomal\u00eda).<\/p>\n<p style=\"margin: 12px auto 6px auto; font-family: Helvetica,Arial,Sans-serif; font-style: normal; font-variant: normal; font-weight: normal; font-size: 14px; line-height: normal; font-size-adjust: none; font-stretch: normal; -x-system-font: none; display: block;\"><span style=\"font-family: Helvetica, Arial, sans-serif;\"><span style=\"font-size: 14px;\"><b>Presentaci\u00f3n<\/b><\/span><\/span><strong style=\"font-family: Helvetica, Arial, sans-serif; font-size: 14px; font-style: normal; font-variant-ligatures: normal; font-variant-caps: normal; font-weight: normal;\">\u00a0Caso de \u00e9xito Mascotas Las Colonias.<\/strong><\/p>\n<p><iframe loading=\"lazy\" src=\"https:\/\/www.youtube.com\/embed\/DwXqLkg6ZrM\" width=\"350\" height=\"210\" frameborder=\"0\" allowfullscreen=\"allowfullscreen\"><\/iframe><\/p>\n<p><strong>Aqu\u00ed la presentaci\u00f3n realizada en La Primera Convenci\u00f3n Nacional \u00abUna Sola Salud\u00bb. Con Philip Low.<\/strong><\/p>\n<p><iframe loading=\"lazy\" id=\"doc_31504\" class=\"scribd_iframe_embed\" title=\"Presentacion Mascotas Las Colonias\" src=\"https:\/\/www.scribd.com\/embeds\/393978589\/content?start_page=1&amp;view_mode=scroll&amp;access_key=key-4mO45UljmFFZiCDrDUeT&amp;show_recommendations=true\" width=\"null\" height=\"null\" frameborder=\"0\" scrolling=\"no\" data-auto-height=\"true\" data-aspect-ratio=\"0.75\"><\/iframe><script type=\"text\/javascript\">(function() { var scribd = document.createElement(\"script\"); scribd.type = \"text\/javascript\"; scribd.async = true; scribd.src = \"https:\/\/www.scribd.com\/javascripts\/embed_code\/inject.js\"; var s = document.getElementsByTagName(\"script\")[0]; s.parentNode.insertBefore(scribd, s); })();<\/script><\/p>\n<p>&nbsp;<\/p>\n<p>&nbsp;<\/p>\n","protected":false},"excerpt":{"rendered":"<p>Cronograma de castraciones ? Abril 2026 Martes 7 ? FranckMi\u00e9rcoles 8 ? San Jer\u00f3nimo NorteJueves 9 ? San Carlos CentroJueves&nbsp;<\/p>\n","protected":false},"author":1,"featured_media":15046,"parent":0,"menu_order":0,"comment_status":"closed","ping_status":"closed","template":"","meta":{"_acf_changed":false,"_joinchat":[],"footnotes":""},"class_list":["post-7173","page","type-page","status-publish","has-post-thumbnail","hentry"],"acf":[],"_links":{"self":[{"href":"https:\/\/rubenpirola.com\/nuevo\/wp-json\/wp\/v2\/pages\/7173","targetHints":{"allow":["GET"]}}],"collection":[{"href":"https:\/\/rubenpirola.com\/nuevo\/wp-json\/wp\/v2\/pages"}],"about":[{"href":"https:\/\/rubenpirola.com\/nuevo\/wp-json\/wp\/v2\/types\/page"}],"author":[{"embeddable":true,"href":"https:\/\/rubenpirola.com\/nuevo\/wp-json\/wp\/v2\/users\/1"}],"replies":[{"embeddable":true,"href":"https:\/\/rubenpirola.com\/nuevo\/wp-json\/wp\/v2\/comments?post=7173"}],"version-history":[{"count":49,"href":"https:\/\/rubenpirola.com\/nuevo\/wp-json\/wp\/v2\/pages\/7173\/revisions"}],"predecessor-version":[{"id":16017,"href":"https:\/\/rubenpirola.com\/nuevo\/wp-json\/wp\/v2\/pages\/7173\/revisions\/16017"}],"wp:featuredmedia":[{"embeddable":true,"href":"https:\/\/rubenpirola.com\/nuevo\/wp-json\/wp\/v2\/media\/15046"}],"wp:attachment":[{"href":"https:\/\/rubenpirola.com\/nuevo\/wp-json\/wp\/v2\/media?parent=7173"}],"curies":[{"name":"wp","href":"https:\/\/api.w.org\/{rel}","templated":true}]}}